{"id":59,"date":"2022-09-07T02:45:03","date_gmt":"2022-09-07T02:45:03","guid":{"rendered":"https:\/\/demo.ovatheme.com\/auntri\/?page_id=59"},"modified":"2023-11-21T11:55:27","modified_gmt":"2023-11-21T11:55:27","slug":"haberler","status":"publish","type":"page","link":"https:\/\/betaparca.com\/index.php\/haberler\/","title":{"rendered":"Haberler"},"content":{"rendered":"\t\t<div data-elementor-type=\"wp-page\" data-elementor-id=\"59\" class=\"elementor elementor-59\" data-elementor-post-type=\"page\">\n\t\t\t\t\t\t<section class=\"elementor-section elementor-top-section elementor-element elementor-element-2b1b2c4f elementor-section-boxed elementor-section-height-default elementor-section-height-default\" data-id=\"2b1b2c4f\" data-element_type=\"section\" data-e-type=\"section\">\n\t\t\t\t\t\t<div class=\"elementor-container elementor-column-gap-default\">\n\t\t\t\t\t<div class=\"elementor-column elementor-col-66 elementor-top-column elementor-element elementor-element-1f74d604\" data-id=\"1f74d604\" data-element_type=\"column\" data-e-type=\"column\">\n\t\t\t<div class=\"elementor-widget-wrap elementor-element-populated\">\n\t\t\t\t\t\t<div class=\"elementor-element elementor-element-ed5fc6a elementor-widget__width-initial elementor-widget elementor-widget-htmega-newtsicker-addons\" data-id=\"ed5fc6a\" data-element_type=\"widget\" data-e-type=\"widget\" data-settings=\"{&quot;news_post_type&quot;:&quot;post&quot;}\" data-widget_type=\"htmega-newtsicker-addons.default\">\n\t\t\t\t<div class=\"elementor-widget-container\">\n\t\t\t\t\t            <div class=\"htmega-newsticker breaking-news-default htmega-newsticker-style-1 sided5fc6a\" style=\"display:none;\">\n                                <div class=\"breaking-news-title float-left\">\n                    <h5>Haberler<\/h5>                <\/div>\n                                <ul data-newstrickeropt=\"{&quot;rowheight&quot;:50,&quot;maxrows&quot;:1,&quot;speed&quot;:600,&quot;duration&quot;:5000,&quot;autostart&quot;:1,&quot;pauseonhover&quot;:0,&quot;direction&quot;:&quot;up&quot;,&quot;navbutton&quot;:&quot;yes&quot;}\" class=\"breaking-news-ticker float-left htmega-newstricker\"  >\n                                                        <li>\n                                        <a href=\"https:\/\/betaparca.com\/index.php\/2023\/11\/13\/lazer-kesim-ankara\/\">\n                                            TRK Makina, Yeni CNC Teknolojisi ile \u00dcretimde S\u0131n\u0131rlar\u0131 Zorluyor                                        <\/a>\n                                    <\/li>\n                                                                    <li>\n                                        <a href=\"https:\/\/betaparca.com\/index.php\/2023\/11\/13\/lazer-kesimde-son-teknoloji\/\">\n                                            Savunma Sanayi \u0130\u015f Birli\u011fi: TRK Makina\u2019dan Kritik Par\u00e7a Tedariki                                        <\/a>\n                                    <\/li>\n                                                                    <li>\n                                        <a href=\"https:\/\/betaparca.com\/index.php\/2023\/11\/13\/as-lazer-makina-celik-imalatta-teknolojik-cozumler\/\">\n                                            TRK Makina, Y\u00fcksek Hassasiyetli Par\u00e7alar ile Savunma Projelerine Katk\u0131 Sa\u011fl\u0131yor                                        <\/a>\n                                    <\/li>\n                                                <\/ul>\n                                    <div class=\"breaking-news-nav\">\n                        <button class=\"news-ticker-prev\"><svg class=\"e-font-icon-svg e-fas-angle-left\" viewBox=\"0 0 256 512\" xmlns=\"http:\/\/www.w3.org\/2000\/svg\"><path d=\"M31.7 239l136-136c9.4-9.4 24.6-9.4 33.9 0l22.6 22.6c9.4 9.4 9.4 24.6 0 33.9L127.9 256l96.4 96.4c9.4 9.4 9.4 24.6 0 33.9L201.7 409c-9.4 9.4-24.6 9.4-33.9 0l-136-136c-9.5-9.4-9.5-24.6-.1-34z\"><\/path><\/svg><\/button>\n                        <button class=\"news-ticker-next\"><svg class=\"e-font-icon-svg e-fas-angle-right\" viewBox=\"0 0 256 512\" xmlns=\"http:\/\/www.w3.org\/2000\/svg\"><path d=\"M224.3 273l-136 136c-9.4 9.4-24.6 9.4-33.9 0l-22.6-22.6c-9.4-9.4-9.4-24.6 0-33.9l96.4-96.4-96.4-96.4c-9.4-9.4-9.4-24.6 0-33.9L54.3 103c9.4-9.4 24.6-9.4 33.9 0l136 136c9.5 9.4 9.5 24.6.1 34z\"><\/path><\/svg><\/button>\n                    <\/div>\n                \n            <\/div>\n        \t\t\t\t<\/div>\n\t\t\t\t<\/div>\n\t\t\t\t<div class=\"elementor-element elementor-element-4a6c7395 elementor-widget-divider--view-line_text elementor-widget-divider--element-align-right elementor-widget elementor-widget-divider\" data-id=\"4a6c7395\" data-element_type=\"widget\" data-e-type=\"widget\" data-widget_type=\"divider.default\">\n\t\t\t\t<div class=\"elementor-widget-container\">\n\t\t\t\t\t\t\t<div class=\"elementor-divider\">\n\t\t\t<span class=\"elementor-divider-separator\">\n\t\t\t\t\t\t\t<span class=\"elementor-divider__text elementor-divider__element\">\n\t\t\t\tAslazer Makina\t\t\t\t<\/span>\n\t\t\t\t\t\t<\/span>\n\t\t<\/div>\n\t\t\t\t\t\t<\/div>\n\t\t\t\t<\/div>\n\t\t\t\t<div class=\"elementor-element elementor-element-e0b479a elementor-grid-1 elementor-posts--thumbnail-left elementor-posts--align-left elementor-grid-tablet-1 elementor-grid-mobile-1 elementor-widget elementor-widget-posts\" data-id=\"e0b479a\" data-element_type=\"widget\" data-e-type=\"widget\" data-settings=\"{&quot;classic_columns&quot;:&quot;1&quot;,&quot;classic_row_gap&quot;:{&quot;unit&quot;:&quot;px&quot;,&quot;size&quot;:&quot;50&quot;,&quot;sizes&quot;:[]},&quot;classic_columns_tablet&quot;:&quot;1&quot;,&quot;classic_columns_mobile&quot;:&quot;1&quot;,&quot;classic_row_gap_tablet&quot;:{&quot;unit&quot;:&quot;px&quot;,&quot;size&quot;:&quot;&quot;,&quot;sizes&quot;:[]},&quot;classic_row_gap_mobile&quot;:{&quot;unit&quot;:&quot;px&quot;,&quot;size&quot;:&quot;&quot;,&quot;sizes&quot;:[]}}\" data-widget_type=\"posts.classic\">\n\t\t\t\t<div class=\"elementor-widget-container\">\n\t\t\t\t\t\t\t<div class=\"elementor-posts-container elementor-posts elementor-posts--skin-classic elementor-grid\">\n\t\t\t\t<article class=\"elementor-post elementor-grid-item post-8599 post type-post status-publish format-standard has-post-thumbnail hentry category-lazer-kesim\">\n\t\t\t\t<a class=\"elementor-post__thumbnail__link\" href=\"https:\/\/betaparca.com\/index.php\/2023\/11\/13\/lazer-kesim-ankara\/\" tabindex=\"-1\" >\n\t\t\t<div class=\"elementor-post__thumbnail\"><img fetchpriority=\"high\" decoding=\"async\" width=\"1000\" height=\"1000\" src=\"https:\/\/betaparca.com\/wp-content\/uploads\/2023\/11\/1.png\" class=\"attachment-full size-full wp-image-9042\" alt=\"\" srcset=\"https:\/\/betaparca.com\/wp-content\/uploads\/2023\/11\/1.png 1000w, https:\/\/betaparca.com\/wp-content\/uploads\/2023\/11\/1-300x300.png 300w, https:\/\/betaparca.com\/wp-content\/uploads\/2023\/11\/1-150x150.png 150w, https:\/\/betaparca.com\/wp-content\/uploads\/2023\/11\/1-768x768.png 768w\" sizes=\"(max-width: 1000px) 100vw, 1000px\" \/><\/div>\n\t\t<\/a>\n\t\t\t\t<div class=\"elementor-post__text\">\n\t\t\t\t<h3 class=\"elementor-post__title\">\n\t\t\t<a href=\"https:\/\/betaparca.com\/index.php\/2023\/11\/13\/lazer-kesim-ankara\/\" >\n\t\t\t\tTRK Makina, Yeni CNC Teknolojisi ile \u00dcretimde S\u0131n\u0131rlar\u0131 Zorluyor\t\t\t<\/a>\n\t\t<\/h3>\n\t\t\t\t<div class=\"elementor-post__meta-data\">\n\t\t\t\t\t<span class=\"elementor-post-date\">\n\t\t\tKas\u0131m 13, 2023\t\t<\/span>\n\t\t\t\t<\/div>\n\t\t\t\t<div class=\"elementor-post__excerpt\">\n\t\t\t<p>TRK Makina, savunma sanayi projelerinde \u00fcretim kapasitesini art\u0131rmak ve hassasiyeti<\/p>\n\t\t<\/div>\n\t\t\n\t\t<a class=\"elementor-post__read-more\" href=\"https:\/\/betaparca.com\/index.php\/2023\/11\/13\/lazer-kesim-ankara\/\" aria-label=\"Read more about TRK Makina, Yeni CNC Teknolojisi ile \u00dcretimde S\u0131n\u0131rlar\u0131 Zorluyor\" tabindex=\"-1\" >\n\t\t\tDevam\u0131n\u0131 Oku\t\t<\/a>\n\n\t\t\t\t<\/div>\n\t\t\t\t<\/article>\n\t\t\t\t<article class=\"elementor-post elementor-grid-item post-8597 post type-post status-publish format-standard has-post-thumbnail hentry category-lazer-kesim\">\n\t\t\t\t<a class=\"elementor-post__thumbnail__link\" href=\"https:\/\/betaparca.com\/index.php\/2023\/11\/13\/lazer-kesimde-son-teknoloji\/\" tabindex=\"-1\" >\n\t\t\t<div class=\"elementor-post__thumbnail\"><img decoding=\"async\" width=\"1000\" height=\"1000\" src=\"https:\/\/betaparca.com\/wp-content\/uploads\/2023\/11\/3.png\" class=\"attachment-full size-full wp-image-9041\" alt=\"\" srcset=\"https:\/\/betaparca.com\/wp-content\/uploads\/2023\/11\/3.png 1000w, https:\/\/betaparca.com\/wp-content\/uploads\/2023\/11\/3-300x300.png 300w, https:\/\/betaparca.com\/wp-content\/uploads\/2023\/11\/3-150x150.png 150w, https:\/\/betaparca.com\/wp-content\/uploads\/2023\/11\/3-768x768.png 768w\" sizes=\"(max-width: 1000px) 100vw, 1000px\" \/><\/div>\n\t\t<\/a>\n\t\t\t\t<div class=\"elementor-post__text\">\n\t\t\t\t<h3 class=\"elementor-post__title\">\n\t\t\t<a href=\"https:\/\/betaparca.com\/index.php\/2023\/11\/13\/lazer-kesimde-son-teknoloji\/\" >\n\t\t\t\tSavunma Sanayi \u0130\u015f Birli\u011fi: TRK Makina\u2019dan Kritik Par\u00e7a Tedariki\t\t\t<\/a>\n\t\t<\/h3>\n\t\t\t\t<div class=\"elementor-post__meta-data\">\n\t\t\t\t\t<span class=\"elementor-post-date\">\n\t\t\tKas\u0131m 13, 2023\t\t<\/span>\n\t\t\t\t<\/div>\n\t\t\t\t<div class=\"elementor-post__excerpt\">\n\t\t\t<p>TRK Makina, yerli savunma sanayinde faaliyet g\u00f6steren \u00f6nde gelen firmalarla<\/p>\n\t\t<\/div>\n\t\t\n\t\t<a class=\"elementor-post__read-more\" href=\"https:\/\/betaparca.com\/index.php\/2023\/11\/13\/lazer-kesimde-son-teknoloji\/\" aria-label=\"Read more about Savunma Sanayi \u0130\u015f Birli\u011fi: TRK Makina\u2019dan Kritik Par\u00e7a Tedariki\" tabindex=\"-1\" >\n\t\t\tDevam\u0131n\u0131 Oku\t\t<\/a>\n\n\t\t\t\t<\/div>\n\t\t\t\t<\/article>\n\t\t\t\t<article class=\"elementor-post elementor-grid-item post-8593 post type-post status-publish format-standard has-post-thumbnail hentry category-lazer-kesim\">\n\t\t\t\t<a class=\"elementor-post__thumbnail__link\" href=\"https:\/\/betaparca.com\/index.php\/2023\/11\/13\/as-lazer-makina-celik-imalatta-teknolojik-cozumler\/\" tabindex=\"-1\" >\n\t\t\t<div class=\"elementor-post__thumbnail\"><img decoding=\"async\" width=\"1000\" height=\"1000\" src=\"https:\/\/betaparca.com\/wp-content\/uploads\/2023\/11\/2.png\" class=\"attachment-full size-full wp-image-9040\" alt=\"\" srcset=\"https:\/\/betaparca.com\/wp-content\/uploads\/2023\/11\/2.png 1000w, https:\/\/betaparca.com\/wp-content\/uploads\/2023\/11\/2-300x300.png 300w, https:\/\/betaparca.com\/wp-content\/uploads\/2023\/11\/2-150x150.png 150w, https:\/\/betaparca.com\/wp-content\/uploads\/2023\/11\/2-768x768.png 768w\" sizes=\"(max-width: 1000px) 100vw, 1000px\" \/><\/div>\n\t\t<\/a>\n\t\t\t\t<div class=\"elementor-post__text\">\n\t\t\t\t<h3 class=\"elementor-post__title\">\n\t\t\t<a href=\"https:\/\/betaparca.com\/index.php\/2023\/11\/13\/as-lazer-makina-celik-imalatta-teknolojik-cozumler\/\" >\n\t\t\t\tTRK Makina, Y\u00fcksek Hassasiyetli Par\u00e7alar ile Savunma Projelerine Katk\u0131 Sa\u011fl\u0131yor\t\t\t<\/a>\n\t\t<\/h3>\n\t\t\t\t<div class=\"elementor-post__meta-data\">\n\t\t\t\t\t<span class=\"elementor-post-date\">\n\t\t\tKas\u0131m 13, 2023\t\t<\/span>\n\t\t\t\t<\/div>\n\t\t\t\t<div class=\"elementor-post__excerpt\">\n\t\t\t<p>TRK Makina, savunma sanayinde kritik \u00f6neme sahip projelere destek vermeye<\/p>\n\t\t<\/div>\n\t\t\n\t\t<a class=\"elementor-post__read-more\" href=\"https:\/\/betaparca.com\/index.php\/2023\/11\/13\/as-lazer-makina-celik-imalatta-teknolojik-cozumler\/\" aria-label=\"Read more about TRK Makina, Y\u00fcksek Hassasiyetli Par\u00e7alar ile Savunma Projelerine Katk\u0131 Sa\u011fl\u0131yor\" tabindex=\"-1\" >\n\t\t\tDevam\u0131n\u0131 Oku\t\t<\/a>\n\n\t\t\t\t<\/div>\n\t\t\t\t<\/article>\n\t\t\t\t<\/div>\n\t\t\n\t\t\t\t\t\t<\/div>\n\t\t\t\t<\/div>\n\t\t\t\t\t<\/div>\n\t\t<\/div>\n\t\t\t\t<div class=\"elementor-column elementor-col-33 elementor-top-column elementor-element elementor-element-4599120d\" data-id=\"4599120d\" data-element_type=\"column\" data-e-type=\"column\">\n\t\t\t<div class=\"elementor-widget-wrap elementor-element-populated\">\n\t\t\t\t\t\t<div class=\"elementor-element elementor-element-2ccc837 elementor-hidden-tablet elementor-hidden-phone elementor-widget elementor-widget-image\" data-id=\"2ccc837\" data-element_type=\"widget\" data-e-type=\"widget\" data-widget_type=\"image.default\">\n\t\t\t\t<div class=\"elementor-widget-container\">\n\t\t\t\t\t\t\t\t\t\t\t\t\t\t\t<img loading=\"lazy\" decoding=\"async\" width=\"405\" height=\"620\" src=\"https:\/\/betaparca.com\/wp-content\/uploads\/2023\/11\/banner1.jpg\" class=\"attachment-full size-full wp-image-8922\" alt=\"\" srcset=\"https:\/\/betaparca.com\/wp-content\/uploads\/2023\/11\/banner1.jpg 405w, https:\/\/betaparca.com\/wp-content\/uploads\/2023\/11\/banner1-196x300.jpg 196w\" sizes=\"(max-width: 405px) 100vw, 405px\" \/>\t\t\t\t\t\t\t\t\t\t\t\t\t\t\t<\/div>\n\t\t\t\t<\/div>\n\t\t\t\t<div class=\"elementor-element elementor-element-67937e1 elementor-widget elementor-widget-video\" data-id=\"67937e1\" data-element_type=\"widget\" data-e-type=\"widget\" data-settings=\"{&quot;youtube_url&quot;:&quot;https:\\\/\\\/www.youtube.com\\\/watch?v=OpiRxSaALuc&quot;,&quot;video_type&quot;:&quot;youtube&quot;,&quot;controls&quot;:&quot;yes&quot;}\" data-widget_type=\"video.default\">\n\t\t\t\t<div class=\"elementor-widget-container\">\n\t\t\t\t\t\t\t<div class=\"elementor-wrapper elementor-open-inline\">\n\t\t\t<div class=\"elementor-video\"><\/div>\t\t<\/div>\n\t\t\t\t\t\t<\/div>\n\t\t\t\t<\/div>\n\t\t\t\t<div class=\"elementor-element elementor-element-37fa345a elementor-widget elementor-widget-heading\" data-id=\"37fa345a\" data-element_type=\"widget\" data-e-type=\"widget\" data-widget_type=\"heading.default\">\n\t\t\t\t<div class=\"elementor-widget-container\">\n\t\t\t\t\t<h4 class=\"elementor-heading-title elementor-size-default\">Son Haberler<\/h4>\t\t\t\t<\/div>\n\t\t\t\t<\/div>\n\t\t\t\t<div class=\"elementor-element elementor-element-22dcceeb elementor-grid-1 elementor-posts--thumbnail-left elementor-posts--align-left elementor-grid-tablet-2 elementor-grid-mobile-1 elementor-widget elementor-widget-posts\" data-id=\"22dcceeb\" data-element_type=\"widget\" data-e-type=\"widget\" data-settings=\"{&quot;classic_columns&quot;:&quot;1&quot;,&quot;classic_row_gap&quot;:{&quot;unit&quot;:&quot;px&quot;,&quot;size&quot;:&quot;30&quot;,&quot;sizes&quot;:[]},&quot;classic_columns_tablet&quot;:&quot;2&quot;,&quot;classic_columns_mobile&quot;:&quot;1&quot;,&quot;classic_row_gap_tablet&quot;:{&quot;unit&quot;:&quot;px&quot;,&quot;size&quot;:&quot;&quot;,&quot;sizes&quot;:[]},&quot;classic_row_gap_mobile&quot;:{&quot;unit&quot;:&quot;px&quot;,&quot;size&quot;:&quot;&quot;,&quot;sizes&quot;:[]}}\" data-widget_type=\"posts.classic\">\n\t\t\t\t<div class=\"elementor-widget-container\">\n\t\t\t\t\t\t\t<div class=\"elementor-posts-container elementor-posts elementor-posts--skin-classic elementor-grid\">\n\t\t\t\t<article class=\"elementor-post elementor-grid-item post-8599 post type-post status-publish format-standard has-post-thumbnail hentry category-lazer-kesim\">\n\t\t\t\t<a class=\"elementor-post__thumbnail__link\" href=\"https:\/\/betaparca.com\/index.php\/2023\/11\/13\/lazer-kesim-ankara\/\" tabindex=\"-1\" >\n\t\t\t<div class=\"elementor-post__thumbnail\"><img fetchpriority=\"high\" decoding=\"async\" width=\"1000\" height=\"1000\" src=\"https:\/\/betaparca.com\/wp-content\/uploads\/2023\/11\/1.png\" class=\"attachment-full size-full wp-image-9042\" alt=\"\" srcset=\"https:\/\/betaparca.com\/wp-content\/uploads\/2023\/11\/1.png 1000w, https:\/\/betaparca.com\/wp-content\/uploads\/2023\/11\/1-300x300.png 300w, https:\/\/betaparca.com\/wp-content\/uploads\/2023\/11\/1-150x150.png 150w, https:\/\/betaparca.com\/wp-content\/uploads\/2023\/11\/1-768x768.png 768w\" sizes=\"(max-width: 1000px) 100vw, 1000px\" \/><\/div>\n\t\t<\/a>\n\t\t\t\t<div class=\"elementor-post__text\">\n\t\t\t\t<h3 class=\"elementor-post__title\">\n\t\t\t<a href=\"https:\/\/betaparca.com\/index.php\/2023\/11\/13\/lazer-kesim-ankara\/\" >\n\t\t\t\tTRK Makina, Yeni CNC Teknolojisi ile \u00dcretimde S\u0131n\u0131rlar\u0131 Zorluyor\t\t\t<\/a>\n\t\t<\/h3>\n\t\t\t\t<div class=\"elementor-post__meta-data\">\n\t\t\t\t\t<span class=\"elementor-post-date\">\n\t\t\tKas\u0131m 13, 2023\t\t<\/span>\n\t\t\t\t<\/div>\n\t\t\t\t<\/div>\n\t\t\t\t<\/article>\n\t\t\t\t<article class=\"elementor-post elementor-grid-item post-8597 post type-post status-publish format-standard has-post-thumbnail hentry category-lazer-kesim\">\n\t\t\t\t<a class=\"elementor-post__thumbnail__link\" href=\"https:\/\/betaparca.com\/index.php\/2023\/11\/13\/lazer-kesimde-son-teknoloji\/\" tabindex=\"-1\" >\n\t\t\t<div class=\"elementor-post__thumbnail\"><img decoding=\"async\" width=\"1000\" height=\"1000\" src=\"https:\/\/betaparca.com\/wp-content\/uploads\/2023\/11\/3.png\" class=\"attachment-full size-full wp-image-9041\" alt=\"\" srcset=\"https:\/\/betaparca.com\/wp-content\/uploads\/2023\/11\/3.png 1000w, https:\/\/betaparca.com\/wp-content\/uploads\/2023\/11\/3-300x300.png 300w, https:\/\/betaparca.com\/wp-content\/uploads\/2023\/11\/3-150x150.png 150w, https:\/\/betaparca.com\/wp-content\/uploads\/2023\/11\/3-768x768.png 768w\" sizes=\"(max-width: 1000px) 100vw, 1000px\" \/><\/div>\n\t\t<\/a>\n\t\t\t\t<div class=\"elementor-post__text\">\n\t\t\t\t<h3 class=\"elementor-post__title\">\n\t\t\t<a href=\"https:\/\/betaparca.com\/index.php\/2023\/11\/13\/lazer-kesimde-son-teknoloji\/\" >\n\t\t\t\tSavunma Sanayi \u0130\u015f Birli\u011fi: TRK Makina\u2019dan Kritik Par\u00e7a Tedariki\t\t\t<\/a>\n\t\t<\/h3>\n\t\t\t\t<div class=\"elementor-post__meta-data\">\n\t\t\t\t\t<span class=\"elementor-post-date\">\n\t\t\tKas\u0131m 13, 2023\t\t<\/span>\n\t\t\t\t<\/div>\n\t\t\t\t<\/div>\n\t\t\t\t<\/article>\n\t\t\t\t<article class=\"elementor-post elementor-grid-item post-8593 post type-post status-publish format-standard has-post-thumbnail hentry category-lazer-kesim\">\n\t\t\t\t<a class=\"elementor-post__thumbnail__link\" href=\"https:\/\/betaparca.com\/index.php\/2023\/11\/13\/as-lazer-makina-celik-imalatta-teknolojik-cozumler\/\" tabindex=\"-1\" >\n\t\t\t<div class=\"elementor-post__thumbnail\"><img decoding=\"async\" width=\"1000\" height=\"1000\" src=\"https:\/\/betaparca.com\/wp-content\/uploads\/2023\/11\/2.png\" class=\"attachment-full size-full wp-image-9040\" alt=\"\" srcset=\"https:\/\/betaparca.com\/wp-content\/uploads\/2023\/11\/2.png 1000w, https:\/\/betaparca.com\/wp-content\/uploads\/2023\/11\/2-300x300.png 300w, https:\/\/betaparca.com\/wp-content\/uploads\/2023\/11\/2-150x150.png 150w, https:\/\/betaparca.com\/wp-content\/uploads\/2023\/11\/2-768x768.png 768w\" sizes=\"(max-width: 1000px) 100vw, 1000px\" \/><\/div>\n\t\t<\/a>\n\t\t\t\t<div class=\"elementor-post__text\">\n\t\t\t\t<h3 class=\"elementor-post__title\">\n\t\t\t<a href=\"https:\/\/betaparca.com\/index.php\/2023\/11\/13\/as-lazer-makina-celik-imalatta-teknolojik-cozumler\/\" >\n\t\t\t\tTRK Makina, Y\u00fcksek Hassasiyetli Par\u00e7alar ile Savunma Projelerine Katk\u0131 Sa\u011fl\u0131yor\t\t\t<\/a>\n\t\t<\/h3>\n\t\t\t\t<div class=\"elementor-post__meta-data\">\n\t\t\t\t\t<span class=\"elementor-post-date\">\n\t\t\tKas\u0131m 13, 2023\t\t<\/span>\n\t\t\t\t<\/div>\n\t\t\t\t<\/div>\n\t\t\t\t<\/article>\n\t\t\t\t<\/div>\n\t\t\n\t\t\t\t\t\t<\/div>\n\t\t\t\t<\/div>\n\t\t\t\t<section class=\"elementor-section elementor-inner-section elementor-element elementor-element-428b1492 elementor-section-boxed elementor-section-height-default elementor-section-height-default\" data-id=\"428b1492\" data-element_type=\"section\" data-e-type=\"section\" data-settings=\"{&quot;background_background&quot;:&quot;classic&quot;}\">\n\t\t\t\t\t\t<div class=\"elementor-container elementor-column-gap-default\">\n\t\t\t\t\t<div class=\"elementor-column elementor-col-100 elementor-inner-column elementor-element elementor-element-2b81748a\" data-id=\"2b81748a\" data-element_type=\"column\" data-e-type=\"column\">\n\t\t\t<div class=\"elementor-widget-wrap elementor-element-populated\">\n\t\t\t\t\t\t<div class=\"elementor-element elementor-element-3852dc48 elementor-widget-divider--view-line_text elementor-widget-divider--element-align-right elementor-widget elementor-widget-divider\" data-id=\"3852dc48\" data-element_type=\"widget\" data-e-type=\"widget\" data-widget_type=\"divider.default\">\n\t\t\t\t<div class=\"elementor-widget-container\">\n\t\t\t\t\t\t\t<div class=\"elementor-divider\">\n\t\t\t<span class=\"elementor-divider-separator\">\n\t\t\t\t\t\t\t<span class=\"elementor-divider__text elementor-divider__element\">\n\t\t\t\tAslazer Makina\t\t\t\t<\/span>\n\t\t\t\t\t\t<\/span>\n\t\t<\/div>\n\t\t\t\t\t\t<\/div>\n\t\t\t\t<\/div>\n\t\t\t\t<div class=\"elementor-element elementor-element-70aace4 elementor-widget elementor-widget-heading\" data-id=\"70aace4\" data-element_type=\"widget\" data-e-type=\"widget\" data-widget_type=\"heading.default\">\n\t\t\t\t<div class=\"elementor-widget-container\">\n\t\t\t\t\t<h3 class=\"elementor-heading-title elementor-size-default\">Bize Ula\u015f\u0131n\n<\/h3>\t\t\t\t<\/div>\n\t\t\t\t<\/div>\n\t\t\t\t<div class=\"elementor-element elementor-element-667bbe15 elementor-widget elementor-widget-text-editor\" data-id=\"667bbe15\" data-element_type=\"widget\" data-e-type=\"widget\" data-widget_type=\"text-editor.default\">\n\t\t\t\t<div class=\"elementor-widget-container\">\n\t\t\t\t\t\t\t\t\t<p>Faaliyet alanlar\u0131m\u0131z hakk\u0131nda bilgi almak i\u00e7in bize ula\u015fabilirsiniz.<\/p>\t\t\t\t\t\t\t\t<\/div>\n\t\t\t\t<\/div>\n\t\t\t\t<div class=\"elementor-element elementor-element-af30e14 elementor-widget elementor-widget-htmega-button-addons\" data-id=\"af30e14\" data-element_type=\"widget\" data-e-type=\"widget\" data-widget_type=\"htmega-button-addons.default\">\n\t\t\t\t<div class=\"elementor-widget-container\">\n\t\t\t\t\t<div class=\"htmega-button htmega-btn-style-3 htmega-btn-shadow-0 button-align-icon-left\"><a href=\"https:\/\/wa.me\/+905345119695?text=Merhaba%20As%20Lazer%20Makina\" class=\"htb-btn htmega-btn-size-sm htmega-btn-effect-0 elementor-animation-wobble-to-bottom-right\"><span class=\"htmega_button_txt\">Whatsapp<\/span><span class=\"htmega_button_icon\"><svg class=\"e-font-icon-svg e-fab-whatsapp\" viewBox=\"0 0 448 512\" xmlns=\"http:\/\/www.w3.org\/2000\/svg\"><path d=\"M380.9 97.1C339 55.1 283.2 32 223.9 32c-122.4 0-222 99.6-222 222 0 39.1 10.2 77.3 29.6 111L0 480l117.7-30.9c32.4 17.7 68.9 27 106.1 27h.1c122.3 0 224.1-99.6 224.1-222 0-59.3-25.2-115-67.1-157zm-157 341.6c-33.2 0-65.7-8.9-94-25.7l-6.7-4-69.8 18.3L72 359.2l-4.4-7c-18.5-29.4-28.2-63.3-28.2-98.2 0-101.7 82.8-184.5 184.6-184.5 49.3 0 95.6 19.2 130.4 54.1 34.8 34.9 56.2 81.2 56.1 130.5 0 101.8-84.9 184.6-186.6 184.6zm101.2-138.2c-5.5-2.8-32.8-16.2-37.9-18-5.1-1.9-8.8-2.8-12.5 2.8-3.7 5.6-14.3 18-17.6 21.8-3.2 3.7-6.5 4.2-12 1.4-32.6-16.3-54-29.1-75.5-66-5.7-9.8 5.7-9.1 16.3-30.3 1.8-3.7.9-6.9-.5-9.7-1.4-2.8-12.5-30.1-17.1-41.2-4.5-10.8-9.1-9.3-12.5-9.5-3.2-.2-6.9-.2-10.6-.2-3.7 0-9.7 1.4-14.8 6.9-5.1 5.6-19.4 19-19.4 46.3 0 27.3 19.9 53.7 22.6 57.4 2.8 3.7 39.1 59.7 94.8 83.8 35.2 15.2 49 16.5 66.6 13.9 10.7-1.6 32.8-13.4 37.4-26.4 4.6-13 4.6-24.1 3.2-26.4-1.3-2.5-5-3.9-10.5-6.6z\"><\/path><\/svg><\/span><\/a><\/div>\t\t\t\t<\/div>\n\t\t\t\t<\/div>\n\t\t\t\t\t<\/div>\n\t\t<\/div>\n\t\t\t\t\t<\/div>\n\t\t<\/section>\n\t\t\t\t\t<\/div>\n\t\t<\/div>\n\t\t\t\t\t<\/div>\n\t\t<\/section>\n\t\t\t\t<\/div>\n\t\t","protected":false},"excerpt":{"rendered":"<p>Haberler Lazer Kesim Ankara Ba\u015fkent OSB Aslazer Makina: Lazer Kesimde Son Teknoloji Aslazer Makina: Lazer Kesimde Teknolojik \u00c7\u00f6z\u00fcm Aslazer Makina Son Haberler Aslazer Makina Bize<\/p>\n","protected":false},"author":1,"featured_media":0,"parent":0,"menu_order":0,"comment_status":"closed","ping_status":"closed","template":"","meta":{"footnotes":""},"class_list":["post-59","page","type-page","status-publish","hentry"],"_links":{"self":[{"href":"https:\/\/betaparca.com\/index.php\/wp-json\/wp\/v2\/pages\/59","targetHints":{"allow":["GET"]}}],"collection":[{"href":"https:\/\/betaparca.com\/index.php\/wp-json\/wp\/v2\/pages"}],"about":[{"href":"https:\/\/betaparca.com\/index.php\/wp-json\/wp\/v2\/types\/page"}],"author":[{"embeddable":true,"href":"https:\/\/betaparca.com\/index.php\/wp-json\/wp\/v2\/users\/1"}],"replies":[{"embeddable":true,"href":"https:\/\/betaparca.com\/index.php\/wp-json\/wp\/v2\/comments?post=59"}],"version-history":[{"count":16,"href":"https:\/\/betaparca.com\/index.php\/wp-json\/wp\/v2\/pages\/59\/revisions"}],"predecessor-version":[{"id":8975,"href":"https:\/\/betaparca.com\/index.php\/wp-json\/wp\/v2\/pages\/59\/revisions\/8975"}],"wp:attachment":[{"href":"https:\/\/betaparca.com\/index.php\/wp-json\/wp\/v2\/media?parent=59"}],"curies":[{"name":"wp","href":"https:\/\/api.w.org\/{rel}","templated":true}]}}