{"id":67,"date":"2022-09-07T02:49:31","date_gmt":"2022-09-07T02:49:31","guid":{"rendered":"https:\/\/demo.ovatheme.com\/auntri\/?page_id=67"},"modified":"2023-11-23T11:08:53","modified_gmt":"2023-11-23T11:08:53","slug":"hakkimizda","status":"publish","type":"page","link":"https:\/\/betaparca.com\/index.php\/hakkimizda\/","title":{"rendered":"Hakk\u0131m\u0131zda"},"content":{"rendered":"\t\t<div data-elementor-type=\"wp-page\" data-elementor-id=\"67\" class=\"elementor elementor-67\" data-elementor-post-type=\"page\">\n\t\t\t\t\t\t<section class=\"elementor-section elementor-top-section elementor-element elementor-element-664cf62 elementor-section-boxed elementor-section-height-default elementor-section-height-default\" data-id=\"664cf62\" data-element_type=\"section\" data-e-type=\"section\">\n\t\t\t\t\t\t\t<div class=\"elementor-background-overlay\"><\/div>\n\t\t\t\t\t\t\t<div class=\"elementor-container elementor-column-gap-no\">\n\t\t\t\t\t<div class=\"elementor-column elementor-col-50 elementor-top-column elementor-element elementor-element-ab0014f\" data-id=\"ab0014f\" data-element_type=\"column\" data-e-type=\"column\">\n\t\t\t<div class=\"elementor-widget-wrap elementor-element-populated\">\n\t\t\t\t\t\t<div class=\"elementor-element elementor-element-157b43f elementor-widget elementor-widget-image\" data-id=\"157b43f\" data-element_type=\"widget\" data-e-type=\"widget\" data-widget_type=\"image.default\">\n\t\t\t\t<div class=\"elementor-widget-container\">\n\t\t\t\t\t\t\t\t\t\t\t\t\t\t\t<img fetchpriority=\"high\" decoding=\"async\" width=\"800\" height=\"600\" src=\"https:\/\/betaparca.com\/wp-content\/uploads\/2023\/11\/IMG_5705-1024x768.jpeg\" class=\"attachment-large size-large wp-image-8646\" alt=\"\" srcset=\"https:\/\/betaparca.com\/wp-content\/uploads\/2023\/11\/IMG_5705-1024x768.jpeg 1024w, https:\/\/betaparca.com\/wp-content\/uploads\/2023\/11\/IMG_5705-300x225.jpeg 300w, https:\/\/betaparca.com\/wp-content\/uploads\/2023\/11\/IMG_5705-768x576.jpeg 768w, https:\/\/betaparca.com\/wp-content\/uploads\/2023\/11\/IMG_5705-1536x1152.jpeg 1536w, https:\/\/betaparca.com\/wp-content\/uploads\/2023\/11\/IMG_5705.jpeg 2048w\" sizes=\"(max-width: 800px) 100vw, 800px\" \/>\t\t\t\t\t\t\t\t\t\t\t\t\t\t\t<\/div>\n\t\t\t\t<\/div>\n\t\t\t\t\t<\/div>\n\t\t<\/div>\n\t\t\t\t<div class=\"elementor-column elementor-col-50 elementor-top-column elementor-element elementor-element-32bb1b4\" data-id=\"32bb1b4\" data-element_type=\"column\" data-e-type=\"column\">\n\t\t\t<div class=\"elementor-widget-wrap elementor-element-populated\">\n\t\t\t\t\t\t<div class=\"elementor-element elementor-element-16ee843 elementor-widget elementor-widget-auntri_elementor_heading\" data-id=\"16ee843\" data-element_type=\"widget\" data-e-type=\"widget\" data-widget_type=\"auntri_elementor_heading.default\">\n\t\t\t\t<div class=\"elementor-widget-container\">\n\t\t\t\t\t\n\t\t<div class=\"ova-title\">\n\n\t\t\t\t\t\t\t<h3 class=\"sub-title\">Aslazer Makina<\/h3>\n\t\t\t\n\t\t\t\t\t\t\t\n\t\t\t\t\t\t\t\t\t<div class=\"box-title\">\n\t\t\t\t\t\t<div class=\"line-top\"><\/div>\n\t\t\t\t\n\t\t\t\t\t\n\t\t\t\t\t\t<h2 class=\"title\">Lazer Kesim ve \u00d6zel \u0130malat<\/h2>\n\n\t\t\t\t\t\n\t\t\t\t\t\t\t\t\t<\/div>\n\t\t\t\t\n\t\t\t\n\t\t\t\n\t\t<\/div>\n\t\t \t\n\t\t\t\t\t\t<\/div>\n\t\t\t\t<\/div>\n\t\t\t\t<div class=\"elementor-element elementor-element-df29dd5 elementor-widget elementor-widget-heading\" data-id=\"df29dd5\" data-element_type=\"widget\" data-e-type=\"widget\" data-widget_type=\"heading.default\">\n\t\t\t\t<div class=\"elementor-widget-container\">\n\t\t\t\t\t<h2 class=\"elementor-heading-title elementor-size-default\">Hakk\u0131m\u0131zda<\/h2>\t\t\t\t<\/div>\n\t\t\t\t<\/div>\n\t\t\t\t<div class=\"elementor-element elementor-element-3495576 elementor-widget elementor-widget-text-editor\" data-id=\"3495576\" data-element_type=\"widget\" data-e-type=\"widget\" data-widget_type=\"text-editor.default\">\n\t\t\t\t<div class=\"elementor-widget-container\">\n\t\t\t\t\t\t\t\t\t<table class=\"sagkutu\" style=\"height: 81px;\" width=\"1658\" cellspacing=\"0\" cellpadding=\"0\"><tbody><tr><td class=\"baslikbg\">\u00a0<\/td><\/tr><tr><td><div class=\"anasayfa\" align=\"justify\"><span style=\"color: #000000;\">Firmam\u0131z ,\u00a0 \u00e7imento yan sanayi, bims tesisleri , ve HES Projeleri ba\u015fta olmak \u00fczere Sac metal i\u015fleme ve kaynak konusunda faaliyet g\u00f6stermektedir. M\u00fc\u015fterilerden gelen proje ve teknik resimlere uygun olarak kaliteli ve zaman\u0131nda \u00fcretimi ilke edinmi\u015ftir. \u0130\u00e7inde bulundu\u011fu <span style=\"color: #ff2414;\">BA\u015eKENT\u00a0ORGAN\u0130ZE SANAY\u0130<\/span> B\u00f6lgesinin firmalar\u0131n\u0131 da en verimli bi\u00e7imde kullanarak proje kapsam\u0131nda \u00fcretilmesi gereken ve faaliyet konusu d\u0131\u015f\u0131nda olan par\u00e7alar\u0131 da temin ederek m\u00fc\u015fteri ihtiya\u00e7lar\u0131n\u0131 kar\u015f\u0131lar<\/span><\/div><\/td><\/tr><\/tbody><\/table>\t\t\t\t\t\t\t\t<\/div>\n\t\t\t\t<\/div>\n\t\t\t\t<section class=\"elementor-section elementor-inner-section elementor-element elementor-element-eb75a2c elementor-section-full_width elementor-section-height-default elementor-section-height-default\" data-id=\"eb75a2c\" data-element_type=\"section\" data-e-type=\"section\">\n\t\t\t\t\t\t<div class=\"elementor-container elementor-column-gap-no\">\n\t\t\t\t\t<div class=\"elementor-column elementor-col-50 elementor-inner-column elementor-element elementor-element-cfc7e09\" data-id=\"cfc7e09\" data-element_type=\"column\" data-e-type=\"column\">\n\t\t\t<div class=\"elementor-widget-wrap elementor-element-populated\">\n\t\t\t\t\t\t<div class=\"elementor-element elementor-element-016fa7f elementor-icon-list--layout-traditional elementor-list-item-link-full_width elementor-widget elementor-widget-icon-list\" data-id=\"016fa7f\" data-element_type=\"widget\" data-e-type=\"widget\" data-widget_type=\"icon-list.default\">\n\t\t\t\t<div class=\"elementor-widget-container\">\n\t\t\t\t\t\t\t<ul class=\"elementor-icon-list-items\">\n\t\t\t\t\t\t\t<li class=\"elementor-icon-list-item\">\n\t\t\t\t\t\t\t\t\t\t\t<span class=\"elementor-icon-list-icon\">\n\t\t\t\t\t\t\t<svg aria-hidden=\"true\" class=\"e-font-icon-svg e-fas-check-circle\" viewBox=\"0 0 512 512\" xmlns=\"http:\/\/www.w3.org\/2000\/svg\"><path d=\"M504 256c0 136.967-111.033 248-248 248S8 392.967 8 256 119.033 8 256 8s248 111.033 248 248zM227.314 387.314l184-184c6.248-6.248 6.248-16.379 0-22.627l-22.627-22.627c-6.248-6.249-16.379-6.249-22.628 0L216 308.118l-70.059-70.059c-6.248-6.248-16.379-6.248-22.628 0l-22.627 22.627c-6.248 6.248-6.248 16.379 0 22.627l104 104c6.249 6.249 16.379 6.249 22.628.001z\"><\/path><\/svg>\t\t\t\t\t\t<\/span>\n\t\t\t\t\t\t\t\t\t\t<span class=\"elementor-icon-list-text\">HES Projeleri<\/span>\n\t\t\t\t\t\t\t\t\t<\/li>\n\t\t\t\t\t\t\t\t<li class=\"elementor-icon-list-item\">\n\t\t\t\t\t\t\t\t\t\t\t<span class=\"elementor-icon-list-icon\">\n\t\t\t\t\t\t\t<svg aria-hidden=\"true\" class=\"e-font-icon-svg e-fas-check-circle\" viewBox=\"0 0 512 512\" xmlns=\"http:\/\/www.w3.org\/2000\/svg\"><path d=\"M504 256c0 136.967-111.033 248-248 248S8 392.967 8 256 119.033 8 256 8s248 111.033 248 248zM227.314 387.314l184-184c6.248-6.248 6.248-16.379 0-22.627l-22.627-22.627c-6.248-6.249-16.379-6.249-22.628 0L216 308.118l-70.059-70.059c-6.248-6.248-16.379-6.248-22.628 0l-22.627 22.627c-6.248 6.248-6.248 16.379 0 22.627l104 104c6.249 6.249 16.379 6.249 22.628.001z\"><\/path><\/svg>\t\t\t\t\t\t<\/span>\n\t\t\t\t\t\t\t\t\t\t<span class=\"elementor-icon-list-text\">Sac Metal \u0130\u015fleme<\/span>\n\t\t\t\t\t\t\t\t\t<\/li>\n\t\t\t\t\t\t\t\t<li class=\"elementor-icon-list-item\">\n\t\t\t\t\t\t\t\t\t\t\t<span class=\"elementor-icon-list-icon\">\n\t\t\t\t\t\t\t<svg aria-hidden=\"true\" class=\"e-font-icon-svg e-fas-check-circle\" viewBox=\"0 0 512 512\" xmlns=\"http:\/\/www.w3.org\/2000\/svg\"><path d=\"M504 256c0 136.967-111.033 248-248 248S8 392.967 8 256 119.033 8 256 8s248 111.033 248 248zM227.314 387.314l184-184c6.248-6.248 6.248-16.379 0-22.627l-22.627-22.627c-6.248-6.249-16.379-6.249-22.628 0L216 308.118l-70.059-70.059c-6.248-6.248-16.379-6.248-22.628 0l-22.627 22.627c-6.248 6.248-6.248 16.379 0 22.627l104 104c6.249 6.249 16.379 6.249 22.628.001z\"><\/path><\/svg>\t\t\t\t\t\t<\/span>\n\t\t\t\t\t\t\t\t\t\t<span class=\"elementor-icon-list-text\">B\u0130MS Tesisleri<\/span>\n\t\t\t\t\t\t\t\t\t<\/li>\n\t\t\t\t\t\t<\/ul>\n\t\t\t\t\t\t<\/div>\n\t\t\t\t<\/div>\n\t\t\t\t\t<\/div>\n\t\t<\/div>\n\t\t\t\t<div class=\"elementor-column elementor-col-50 elementor-inner-column elementor-element elementor-element-afd42cd\" data-id=\"afd42cd\" data-element_type=\"column\" data-e-type=\"column\">\n\t\t\t<div class=\"elementor-widget-wrap elementor-element-populated\">\n\t\t\t\t\t\t<div class=\"elementor-element elementor-element-8f99747 elementor-widget-mobile__width-auto elementor-widget__width-auto elementor-widget elementor-widget-auntri_elementor_progress_circle\" data-id=\"8f99747\" data-element_type=\"widget\" data-e-type=\"widget\" data-widget_type=\"auntri_elementor_progress_circle.default\">\n\t\t\t\t<div class=\"elementor-widget-container\">\n\t\t\t\t\t\n\t\t<div class=\"ova-progress-circle-wrapper\">\n            \t\n    \t    <div class=\"ova-progress-circle\"  \n                data-thickness=\"3\" \n                data-size=\"120\"\n                data-value=\"1\"\n                data-color=\"#FF2414\"\n                data-linecap=\"default\"\n            >\n                \n                <div class=\"percent\">\n                \t<strong><\/strong>\n            \t    <i>%<\/i>\n                <\/div>\n            <\/div>\n\n                    \t    <div class=\"title\">\n        \t    \tTecr\u00fcbe\t\n        \t    <\/div>\n        \t\n        <\/div>\n\t\t \t\n\t\t\t\t\t\t<\/div>\n\t\t\t\t<\/div>\n\t\t\t\t\t<\/div>\n\t\t<\/div>\n\t\t\t\t\t<\/div>\n\t\t<\/section>\n\t\t\t\t<section class=\"elementor-section elementor-inner-section elementor-element elementor-element-c707084 elementor-section-full_width elementor-section-height-default elementor-section-height-default\" data-id=\"c707084\" data-element_type=\"section\" data-e-type=\"section\">\n\t\t\t\t\t\t<div class=\"elementor-container elementor-column-gap-no\">\n\t\t\t\t\t<div class=\"elementor-column elementor-col-100 elementor-inner-column elementor-element elementor-element-33ac286\" data-id=\"33ac286\" data-element_type=\"column\" data-e-type=\"column\">\n\t\t\t<div class=\"elementor-widget-wrap elementor-element-populated\">\n\t\t\t\t\t\t<div class=\"elementor-element elementor-element-90c3573 elementor-widget elementor-widget-button\" data-id=\"90c3573\" data-element_type=\"widget\" data-e-type=\"widget\" data-widget_type=\"button.default\">\n\t\t\t\t<div class=\"elementor-widget-container\">\n\t\t\t\t\t\t\t\t\t<div class=\"elementor-button-wrapper\">\n\t\t\t\t\t<a class=\"elementor-button elementor-button-link elementor-size-sm\" href=\"https:\/\/wa.me\/05345119695?text=Merhaba%20As%20Lazer%20Makina\">\n\t\t\t\t\t\t<span class=\"elementor-button-content-wrapper\">\n\t\t\t\t\t\t\t\t\t<span class=\"elementor-button-text\">Bize Ula\u015f\u0131n<\/span>\n\t\t\t\t\t<\/span>\n\t\t\t\t\t<\/a>\n\t\t\t\t<\/div>\n\t\t\t\t\t\t\t\t<\/div>\n\t\t\t\t<\/div>\n\t\t\t\t\t<\/div>\n\t\t<\/div>\n\t\t\t\t\t<\/div>\n\t\t<\/section>\n\t\t\t\t\t<\/div>\n\t\t<\/div>\n\t\t\t\t\t<\/div>\n\t\t<\/section>\n\t\t\t\t<\/div>\n\t\t","protected":false},"excerpt":{"rendered":"<p>Aslazer Makina Lazer Kesim ve \u00d6zel \u0130malat Hakk\u0131m\u0131zda \u00a0 Firmam\u0131z ,\u00a0 \u00e7imento yan sanayi, bims tesisleri , ve HES Projeleri ba\u015fta olmak \u00fczere Sac metal i\u015fleme ve kaynak konusunda faaliyet g\u00f6stermektedir. M\u00fc\u015fterilerden gelen proje ve teknik resimlere uygun olarak kaliteli ve zaman\u0131nda \u00fcretimi ilke edinmi\u015ftir. \u0130\u00e7inde bulundu\u011fu BA\u015eKENT\u00a0ORGAN\u0130ZE SANAY\u0130 B\u00f6lgesinin firmalar\u0131n\u0131 da en verimli bi\u00e7imde [&hellip;]<\/p>\n","protected":false},"author":1,"featured_media":0,"parent":0,"menu_order":0,"comment_status":"closed","ping_status":"closed","template":"elementor_header_footer","meta":{"footnotes":""},"class_list":["post-67","page","type-page","status-publish","hentry"],"_links":{"self":[{"href":"https:\/\/betaparca.com\/index.php\/wp-json\/wp\/v2\/pages\/67","targetHints":{"allow":["GET"]}}],"collection":[{"href":"https:\/\/betaparca.com\/index.php\/wp-json\/wp\/v2\/pages"}],"about":[{"href":"https:\/\/betaparca.com\/index.php\/wp-json\/wp\/v2\/types\/page"}],"author":[{"embeddable":true,"href":"https:\/\/betaparca.com\/index.php\/wp-json\/wp\/v2\/users\/1"}],"replies":[{"embeddable":true,"href":"https:\/\/betaparca.com\/index.php\/wp-json\/wp\/v2\/comments?post=67"}],"version-history":[{"count":33,"href":"https:\/\/betaparca.com\/index.php\/wp-json\/wp\/v2\/pages\/67\/revisions"}],"predecessor-version":[{"id":8987,"href":"https:\/\/betaparca.com\/index.php\/wp-json\/wp\/v2\/pages\/67\/revisions\/8987"}],"wp:attachment":[{"href":"https:\/\/betaparca.com\/index.php\/wp-json\/wp\/v2\/media?parent=67"}],"curies":[{"name":"wp","href":"https:\/\/api.w.org\/{rel}","templated":true}]}}