{"id":8463,"date":"2022-09-06T04:46:09","date_gmt":"2022-09-06T04:46:09","guid":{"rendered":"https:\/\/demo.ovatheme.com\/auntri\/?page_id=10"},"modified":"2026-03-11T23:25:23","modified_gmt":"2026-03-11T23:25:23","slug":"anasayfa","status":"publish","type":"page","link":"https:\/\/betaparca.com\/","title":{"rendered":"As Lazer Makina"},"content":{"rendered":"\t\t<div data-elementor-type=\"wp-page\" data-elementor-id=\"8463\" class=\"elementor elementor-8463\" data-elementor-post-type=\"page\">\n\t\t\t\t\t\t<section class=\"elementor-section elementor-top-section elementor-element elementor-element-e6edf26 elementor-section-full_width elementor-section-height-default elementor-section-height-default\" data-id=\"e6edf26\" data-element_type=\"section\" data-e-type=\"section\">\n\t\t\t\t\t\t<div class=\"elementor-container elementor-column-gap-no\">\n\t\t\t\t\t<div class=\"elementor-column elementor-col-100 elementor-top-column elementor-element elementor-element-28a6aa9\" data-id=\"28a6aa9\" data-element_type=\"column\" data-e-type=\"column\">\n\t\t\t<div class=\"elementor-widget-wrap elementor-element-populated\">\n\t\t\t\t\t\t<div class=\"elementor-element elementor-element-0325088 elementor-widget elementor-widget-slider_revolution\" data-id=\"0325088\" data-element_type=\"widget\" data-e-type=\"widget\" data-widget_type=\"slider_revolution.default\">\n\t\t\t\t<div class=\"elementor-widget-container\">\n\t\t\t\t\t\n\t\t<div class=\"wp-block-themepunch-revslider\">\n\t\t\t<!-- START Home 1 REVOLUTION SLIDER 6.6.16 --><p class=\"rs-p-wp-fix\"><\/p>\n\t\t\t<rs-module-wrap id=\"rev_slider_1_1_wrapper\" data-source=\"gallery\" style=\"visibility:hidden;background:#13223c;padding:0;margin:0px auto;margin-top:0;margin-bottom:0;\">\n\t\t\t\t<rs-module id=\"rev_slider_1_1\" style=\"\" data-version=\"6.6.16\">\n\t\t\t\t\t<rs-slides style=\"overflow: hidden; position: absolute;\">\n\t\t\t\t\t\t<rs-slide style=\"position: absolute;\" data-key=\"rs-1\" data-title=\"Slide 1\" data-anim=\"adpr:false;ms:10;\" data-in=\"o:0;\" data-out=\"a:false;\">\n\t\t\t\t\t\t\t<img fetchpriority=\"high\" decoding=\"async\" src=\"\/\/betaparca.com\/wp-content\/plugins\/revslider\/public\/assets\/assets\/dummy.png\" alt=\"\" title=\"Savunma sanayi i\u00e7in y\u00fcksek hassasiyetli \u00fcretim ve g\u00fcvenilir m\u00fchendislik \u00e7\u00f6z\u00fcmleri.\" width=\"1800\" height=\"750\" class=\"rev-slidebg tp-rs-img rs-lazyload\" data-lazyload=\"\/\/betaparca.com\/wp-content\/uploads\/2026\/03\/Savunma-sanayi-icin-yuksek-hassasiyetli-uretim-ve-guvenilir-muhendislik-cozumleri.png\" data-panzoom=\"d:6000ms;e:slow;ss:100%;se:120%;\" data-no-retina>\n<!---->\t\t\t\t\t\t<\/rs-slide>\n\t\t\t\t\t<\/rs-slides>\n\t\t\t\t<\/rs-module>\n\t\t\t\t<script>\n\t\t\t\t\tsetREVStartSize({c: 'rev_slider_1_1',rl:[1240,1024,778,480],el:[742,742,600,600],gw:[1260,1024,778,480],gh:[742,742,600,600],type:'standard',justify:'',layout:'fullwidth',mh:\"0\"});if (window.RS_MODULES!==undefined && window.RS_MODULES.modules!==undefined && window.RS_MODULES.modules[\"revslider11\"]!==undefined) {window.RS_MODULES.modules[\"revslider11\"].once = false;window.revapi1 = undefined;if (window.RS_MODULES.checkMinimal!==undefined) window.RS_MODULES.checkMinimal()}\n\t\t\t\t<\/script>\n\t\t\t<\/rs-module-wrap>\n\t\t\t<!-- END REVOLUTION SLIDER -->\n<\/div>\n\n\t\t\t\t\t\t<\/div>\n\t\t\t\t<\/div>\n\t\t\t\t\t<\/div>\n\t\t<\/div>\n\t\t\t\t\t<\/div>\n\t\t<\/section>\n\t\t\t\t<section class=\"elementor-section elementor-top-section elementor-element elementor-element-988fc29 elementor-section-boxed elementor-section-height-default elementor-section-height-default\" data-id=\"988fc29\" data-element_type=\"section\" data-e-type=\"section\" data-settings=\"{&quot;background_background&quot;:&quot;classic&quot;}\">\n\t\t\t\t\t\t\t<div class=\"elementor-background-overlay\"><\/div>\n\t\t\t\t\t\t\t<div class=\"elementor-container elementor-column-gap-default\">\n\t\t\t\t\t<div class=\"elementor-column elementor-col-100 elementor-top-column elementor-element elementor-element-522e02d\" data-id=\"522e02d\" data-element_type=\"column\" data-e-type=\"column\">\n\t\t\t<div class=\"elementor-widget-wrap\">\n\t\t\t\t\t\t\t<\/div>\n\t\t<\/div>\n\t\t\t\t\t<\/div>\n\t\t<\/section>\n\t\t\t\t<section class=\"elementor-section elementor-top-section elementor-element elementor-element-3dc97ad elementor-section-boxed elementor-section-height-default elementor-section-height-default\" data-id=\"3dc97ad\" data-element_type=\"section\" data-e-type=\"section\" data-settings=\"{&quot;background_background&quot;:&quot;classic&quot;}\">\n\t\t\t\t\t\t\t<div class=\"elementor-background-overlay\"><\/div>\n\t\t\t\t\t\t\t<div class=\"elementor-container elementor-column-gap-no\">\n\t\t\t\t\t<div class=\"elementor-column elementor-col-50 elementor-top-column elementor-element elementor-element-b4dedb5\" data-id=\"b4dedb5\" data-element_type=\"column\" data-e-type=\"column\">\n\t\t\t<div class=\"elementor-widget-wrap elementor-element-populated\">\n\t\t\t\t\t\t<div class=\"elementor-element elementor-element-2652a51 elementor-widget__width-auto elementor-absolute elementor-hidden-tablet elementor-hidden-mobile elementor-invisible elementor-widget elementor-widget-auntri_elementor_counter\" data-id=\"2652a51\" data-element_type=\"widget\" data-e-type=\"widget\" data-settings=\"{&quot;_position&quot;:&quot;absolute&quot;,&quot;_animation&quot;:&quot;slideInUp&quot;,&quot;_animation_tablet&quot;:&quot;none&quot;}\" data-widget_type=\"auntri_elementor_counter.default\">\n\t\t\t\t<div class=\"elementor-widget-container\">\n\t\t\t\t\t           \n           <div class=\"ova-counter ova-counter-template1 position1 path_none\" \n               data-count=\"35\">\n\n               \n\t            <div class=\"odometer-wrapper\">\n\n\t            \t\n\t\t\t\t\t\t<span class=\"odometer\">0<\/span><span class=\"suffix\"><\/span>\n\t\t\t\t\n\t\t\t      \t    \t\t\t\t\t\t\t<h4 class=\"title\">\n\t\t\t\t\t\t\t\tY\u0131ll\u0131k Tecr\u00fcbe\t\t\t\t\t\t\t<\/h4>\n\t\t\t\t\t\t                        \n\t\t\t\t\t\t\n\t            \t    \t\n\n\t            <\/div>\n \n           <\/div>\n\t\t \t\n\t\t\t\t\t\t<\/div>\n\t\t\t\t<\/div>\n\t\t\t\t<div class=\"elementor-element elementor-element-48ee04d elementor-widget__width-auto elementor-invisible elementor-widget elementor-widget-image\" data-id=\"48ee04d\" data-element_type=\"widget\" data-e-type=\"widget\" data-settings=\"{&quot;_animation&quot;:&quot;fadeInLeft&quot;,&quot;_animation_tablet&quot;:&quot;none&quot;,&quot;_animation_delay&quot;:100}\" data-widget_type=\"image.default\">\n\t\t\t\t<div class=\"elementor-widget-container\">\n\t\t\t\t\t\t\t\t\t\t\t\t\t\t\t<img decoding=\"async\" width=\"1536\" height=\"1024\" src=\"https:\/\/betaparca.com\/wp-content\/uploads\/2026\/03\/ChatGPT-Image-5-Mar-2026-10_01_31.webp\" class=\"attachment-full size-full wp-image-9019\" alt=\"\" srcset=\"https:\/\/betaparca.com\/wp-content\/uploads\/2026\/03\/ChatGPT-Image-5-Mar-2026-10_01_31.webp 1536w, https:\/\/betaparca.com\/wp-content\/uploads\/2026\/03\/ChatGPT-Image-5-Mar-2026-10_01_31-300x200.webp 300w, https:\/\/betaparca.com\/wp-content\/uploads\/2026\/03\/ChatGPT-Image-5-Mar-2026-10_01_31-1024x683.webp 1024w, https:\/\/betaparca.com\/wp-content\/uploads\/2026\/03\/ChatGPT-Image-5-Mar-2026-10_01_31-768x512.webp 768w\" sizes=\"(max-width: 1536px) 100vw, 1536px\" \/>\t\t\t\t\t\t\t\t\t\t\t\t\t\t\t<\/div>\n\t\t\t\t<\/div>\n\t\t\t\t<div class=\"elementor-element elementor-element-2a35de3 elementor-widget-tablet__width-auto elementor-absolute e-transform elementor-widget__width-auto elementor-invisible elementor-widget elementor-widget-text-editor\" data-id=\"2a35de3\" data-element_type=\"widget\" data-e-type=\"widget\" data-settings=\"{&quot;_position&quot;:&quot;absolute&quot;,&quot;_animation&quot;:&quot;fadeInLeft&quot;,&quot;_animation_tablet&quot;:&quot;none&quot;,&quot;_animation_delay&quot;:250,&quot;_transform_rotateZ_effect&quot;:{&quot;unit&quot;:&quot;px&quot;,&quot;size&quot;:90,&quot;sizes&quot;:[]},&quot;_transform_rotateZ_effect_tablet&quot;:{&quot;unit&quot;:&quot;px&quot;,&quot;size&quot;:90,&quot;sizes&quot;:[]},&quot;_transform_rotateZ_effect_mobile&quot;:{&quot;unit&quot;:&quot;deg&quot;,&quot;size&quot;:&quot;&quot;,&quot;sizes&quot;:[]}}\" data-widget_type=\"text-editor.default\">\n\t\t\t\t<div class=\"elementor-widget-container\">\n\t\t\t\t\t\t\t\t\t<p>TRK MAK\u0130NA<\/p>\t\t\t\t\t\t\t\t<\/div>\n\t\t\t\t<\/div>\n\t\t\t\t<div class=\"elementor-element elementor-element-6e87a4b elementor-widget__width-auto elementor-absolute elementor-invisible elementor-widget elementor-widget-image\" data-id=\"6e87a4b\" data-element_type=\"widget\" data-e-type=\"widget\" data-settings=\"{&quot;_position&quot;:&quot;absolute&quot;,&quot;_animation&quot;:&quot;ova-move-left&quot;,&quot;_animation_tablet&quot;:&quot;none&quot;,&quot;_animation_delay&quot;:150}\" data-widget_type=\"image.default\">\n\t\t\t\t<div class=\"elementor-widget-container\">\n\t\t\t\t\t\t\t\t\t\t\t\t\t\t\t<img decoding=\"async\" width=\"1536\" height=\"1024\" src=\"https:\/\/betaparca.com\/wp-content\/uploads\/2026\/03\/ChatGPT-Image-5-Mar-2026-10_05_35.webp\" class=\"attachment-full size-full wp-image-9020\" alt=\"\" srcset=\"https:\/\/betaparca.com\/wp-content\/uploads\/2026\/03\/ChatGPT-Image-5-Mar-2026-10_05_35.webp 1536w, https:\/\/betaparca.com\/wp-content\/uploads\/2026\/03\/ChatGPT-Image-5-Mar-2026-10_05_35-300x200.webp 300w, https:\/\/betaparca.com\/wp-content\/uploads\/2026\/03\/ChatGPT-Image-5-Mar-2026-10_05_35-1024x683.webp 1024w, https:\/\/betaparca.com\/wp-content\/uploads\/2026\/03\/ChatGPT-Image-5-Mar-2026-10_05_35-768x512.webp 768w\" sizes=\"(max-width: 1536px) 100vw, 1536px\" \/>\t\t\t\t\t\t\t\t\t\t\t\t\t\t\t<\/div>\n\t\t\t\t<\/div>\n\t\t\t\t<div class=\"elementor-element elementor-element-09bdde7 elementor-widget__width-auto elementor-absolute e-transform elementor-hidden-tablet elementor-hidden-mobile elementor-widget-divider--view-line elementor-invisible elementor-widget elementor-widget-divider\" data-id=\"09bdde7\" data-element_type=\"widget\" data-e-type=\"widget\" data-settings=\"{&quot;_position&quot;:&quot;absolute&quot;,&quot;_animation&quot;:&quot;ova-flip&quot;,&quot;_animation_tablet&quot;:&quot;none&quot;,&quot;_transform_rotateZ_effect&quot;:{&quot;unit&quot;:&quot;px&quot;,&quot;size&quot;:90,&quot;sizes&quot;:[]},&quot;_transform_rotateZ_effect_tablet&quot;:{&quot;unit&quot;:&quot;deg&quot;,&quot;size&quot;:&quot;&quot;,&quot;sizes&quot;:[]},&quot;_transform_rotateZ_effect_mobile&quot;:{&quot;unit&quot;:&quot;deg&quot;,&quot;size&quot;:&quot;&quot;,&quot;sizes&quot;:[]}}\" data-widget_type=\"divider.default\">\n\t\t\t\t<div class=\"elementor-widget-container\">\n\t\t\t\t\t\t\t<div class=\"elementor-divider\">\n\t\t\t<span class=\"elementor-divider-separator\">\n\t\t\t\t\t\t<\/span>\n\t\t<\/div>\n\t\t\t\t\t\t<\/div>\n\t\t\t\t<\/div>\n\t\t\t\t<div class=\"elementor-element elementor-element-3176c22 elementor-widget__width-auto elementor-absolute elementor-hidden-tablet elementor-hidden-mobile elementor-invisible elementor-widget elementor-widget-text-editor\" data-id=\"3176c22\" data-element_type=\"widget\" data-e-type=\"widget\" data-settings=\"{&quot;_position&quot;:&quot;absolute&quot;,&quot;_animation&quot;:&quot;rotateInUpRight&quot;,&quot;_animation_tablet&quot;:&quot;none&quot;}\" data-widget_type=\"text-editor.default\">\n\t\t\t\t<div class=\"elementor-widget-container\">\n\t\t\t\t\t\t\t\t\t<p>TRK MAK\u0130NA<\/p>\t\t\t\t\t\t\t\t<\/div>\n\t\t\t\t<\/div>\n\t\t\t\t\t<\/div>\n\t\t<\/div>\n\t\t\t\t<div class=\"elementor-column elementor-col-50 elementor-top-column elementor-element elementor-element-a7209fa elementor-invisible\" data-id=\"a7209fa\" data-element_type=\"column\" data-e-type=\"column\" data-settings=\"{&quot;animation&quot;:&quot;ova-move-down&quot;,&quot;animation_tablet&quot;:&quot;none&quot;,&quot;animation_delay&quot;:100}\">\n\t\t\t<div class=\"elementor-widget-wrap elementor-element-populated\">\n\t\t\t\t\t\t<div class=\"elementor-element elementor-element-12750f5 elementor-widget elementor-widget-auntri_elementor_heading\" data-id=\"12750f5\" data-element_type=\"widget\" data-e-type=\"widget\" data-widget_type=\"auntri_elementor_heading.default\">\n\t\t\t\t<div class=\"elementor-widget-container\">\n\t\t\t\t\t\n\t\t<div class=\"ova-title\">\n\n\t\t\t\t\t\t\t<h3 class=\"sub-title\">TRK  Makina<\/h3>\n\t\t\t\n\t\t\t\t\t\t\t\n\t\t\t\t\t\t\t\t\t<div class=\"box-title\">\n\t\t\t\t\t\t<div class=\"line-top\"><\/div>\n\t\t\t\t\n\t\t\t\t\t\n\t\t\t\t\t\t<h2 class=\"title\">T\u00fcrkiye'nin Savunma Projelerine De\u011fer Kat\u0131yoruz<\/h2>\n\n\t\t\t\t\t\n\t\t\t\t\t\t\t\t\t<\/div>\n\t\t\t\t\n\t\t\t\n\t\t\t\t\t\t\t<p class=\"description\">TRK Makina, savunma sanayi ba\u015fta olmak \u00fczere y\u00fcksek hassasiyet gerektiren sekt\u00f6rlere y\u00f6nelik \u00fcretim ve m\u00fchendislik \u00e7\u00f6z\u00fcmleri sunmaktad\u0131r. Modern \u00fcretim altyap\u0131m\u0131z, deneyimli kadromuz ve kalite odakl\u0131 yakla\u015f\u0131m\u0131m\u0131z ile projelerinize g\u00fcvenilir ve s\u00fcrd\u00fcr\u00fclebilir \u00e7\u00f6z\u00fcmler \u00fcretmekteyiz.<\/p>\n\t\t\t\n\t\t<\/div>\n\t\t \t\n\t\t\t\t\t\t<\/div>\n\t\t\t\t<\/div>\n\t\t\t\t<div class=\"elementor-element elementor-element-8a2da06 elementor-widget elementor-widget-text-editor\" data-id=\"8a2da06\" data-element_type=\"widget\" data-e-type=\"widget\" data-widget_type=\"text-editor.default\">\n\t\t\t\t<div class=\"elementor-widget-container\">\n\t\t\t\t\t\t\t\t\t<h3 data-section-id=\"tmrur8\" data-start=\"1501\" data-end=\"1523\"><span class=\"BZ_Pyq_fadeIn\">\u00d6zel <\/span><span class=\"BZ_Pyq_fadeIn\">Par\u00e7a <\/span><span class=\"BZ_Pyq_fadeIn\">\u00dcretimi<\/span><\/h3><p data-start=\"1524\" data-end=\"1623\"><span class=\"BZ_Pyq_fadeIn\">M\u00fc\u015fteri <\/span><span class=\"BZ_Pyq_fadeIn\">taleplerine <\/span><span class=\"BZ_Pyq_fadeIn\">ve <\/span><span class=\"BZ_Pyq_fadeIn\">teknik <\/span><span class=\"BZ_Pyq_fadeIn\">\u00e7izimlere <\/span><span class=\"BZ_Pyq_fadeIn\">uygun <\/span><span class=\"BZ_Pyq_fadeIn\">olarak <\/span><span class=\"BZ_Pyq_fadeIn\">\u00f6zel <\/span><span class=\"BZ_Pyq_fadeIn\">\u00fcretim <\/span><span class=\"BZ_Pyq_fadeIn\">par\u00e7alar <\/span><span class=\"BZ_Pyq_fadeIn\">tasarl\u0131yor <\/span><span class=\"BZ_Pyq_fadeIn\">ve <\/span><span class=\"BZ_Pyq_fadeIn\">\u00fcretiyoruz.<\/span><\/p><h3 data-section-id=\"l01c0f\" data-start=\"1625\" data-end=\"1645\"><span class=\"BZ_Pyq_fadeIn\">Prototip <\/span><span class=\"BZ_Pyq_fadeIn\">\u00dcretimi<\/span><\/h3><p data-start=\"1646\" data-end=\"1760\"><span class=\"BZ_Pyq_fadeIn\">Yeni <\/span><span class=\"BZ_Pyq_fadeIn\">projeler <\/span><span class=\"BZ_Pyq_fadeIn\">i\u00e7in <\/span><span class=\"BZ_Pyq_fadeIn\">h\u0131zl\u0131 <\/span><span class=\"BZ_Pyq_fadeIn\">ve <\/span><span class=\"BZ_Pyq_fadeIn\">g\u00fcvenilir <\/span><span class=\"BZ_Pyq_fadeIn\">prototip <\/span><span class=\"BZ_Pyq_fadeIn\">\u00fcretimi <\/span><span class=\"BZ_Pyq_fadeIn\">sa\u011flayarak <\/span><span class=\"BZ_Pyq_fadeIn\">\u00fcr\u00fcn <\/span><span class=\"BZ_Pyq_fadeIn\">geli\u015ftirme <\/span><span class=\"BZ_Pyq_fadeIn\">s\u00fcre\u00e7lerine <\/span><span class=\"BZ_Pyq_fadeIn\">katk\u0131da <\/span><span class=\"BZ_Pyq_fadeIn\">bulunuyoruz. <\/span><span class=\"BZ_Pyq_fadeIn\">Y\u00fcksek <\/span><span class=\"BZ_Pyq_fadeIn\">kalite <\/span><span class=\"BZ_Pyq_fadeIn\">standartlar\u0131n\u0131 <\/span><span class=\"BZ_Pyq_fadeIn\">koruyarak <\/span><span class=\"BZ_Pyq_fadeIn\">seri <\/span><span class=\"BZ_Pyq_fadeIn\">\u00fcretim <\/span><span class=\"BZ_Pyq_fadeIn\">kapasitemiz <\/span><span class=\"BZ_Pyq_fadeIn\">ile <\/span><span class=\"BZ_Pyq_fadeIn\">projelerinizi <\/span><span class=\"BZ_Pyq_fadeIn\">zaman\u0131nda <\/span><span class=\"BZ_Pyq_fadeIn\">ve <\/span><span class=\"BZ_Pyq_fadeIn\">g\u00fcvenilir <\/span><span class=\"BZ_Pyq_fadeIn\">\u015fekilde <\/span><span class=\"BZ_Pyq_fadeIn\">teslim <\/span><span class=\"BZ_Pyq_fadeIn\">ediyoruz.<\/span><\/p>\t\t\t\t\t\t\t\t<\/div>\n\t\t\t\t<\/div>\n\t\t\t\t<div class=\"elementor-element elementor-element-813d411 elementor-widget elementor-widget-button\" data-id=\"813d411\" data-element_type=\"widget\" data-e-type=\"widget\" data-widget_type=\"button.default\">\n\t\t\t\t<div class=\"elementor-widget-container\">\n\t\t\t\t\t\t\t\t\t<div class=\"elementor-button-wrapper\">\n\t\t\t\t\t<a class=\"elementor-button elementor-button-link elementor-size-sm\" href=\"https:\/\/betaparca.com\/index.php\/hakkimizda\/\">\n\t\t\t\t\t\t<span class=\"elementor-button-content-wrapper\">\n\t\t\t\t\t\t\t\t\t<span class=\"elementor-button-text\">Daha Fazla<\/span>\n\t\t\t\t\t<\/span>\n\t\t\t\t\t<\/a>\n\t\t\t\t<\/div>\n\t\t\t\t\t\t\t\t<\/div>\n\t\t\t\t<\/div>\n\t\t\t\t\t<\/div>\n\t\t<\/div>\n\t\t\t\t\t<\/div>\n\t\t<\/section>\n\t\t\t\t<section class=\"elementor-section elementor-top-section elementor-element elementor-element-23ed9af elementor-section-boxed elementor-section-height-default elementor-section-height-default\" data-id=\"23ed9af\" data-element_type=\"section\" data-e-type=\"section\">\n\t\t\t\t\t\t<div class=\"elementor-container elementor-column-gap-no\">\n\t\t\t\t\t<div class=\"elementor-column elementor-col-100 elementor-top-column elementor-element elementor-element-6e0613a\" data-id=\"6e0613a\" data-element_type=\"column\" data-e-type=\"column\">\n\t\t\t<div class=\"elementor-widget-wrap elementor-element-populated\">\n\t\t\t\t\t\t<div class=\"elementor-element elementor-element-7680775 elementor-widget elementor-widget-auntri_elementor_heading\" data-id=\"7680775\" data-element_type=\"widget\" data-e-type=\"widget\" data-widget_type=\"auntri_elementor_heading.default\">\n\t\t\t\t<div class=\"elementor-widget-container\">\n\t\t\t\t\t\n\t\t<div class=\"ova-title\">\n\n\t\t\t\t\t\t\t<h3 class=\"sub-title\">TRK Makina<\/h3>\n\t\t\t\n\t\t\t\t\t\t\t\n\t\t\t\t\t\t\t\t\t<div class=\"box-title\">\n\t\t\t\t\t\t<div class=\"line-top\"><\/div>\n\t\t\t\t\n\t\t\t\t\t\n\t\t\t\t\t\t<h2 class=\"title\">Son Haberler<\/h2>\n\n\t\t\t\t\t\n\t\t\t\t\t\t\t\t\t<\/div>\n\t\t\t\t\n\t\t\t\n\t\t\t\n\t\t<\/div>\n\t\t \t\n\t\t\t\t\t\t<\/div>\n\t\t\t\t<\/div>\n\t\t\t\t<div class=\"elementor-element elementor-element-8651aa6 elementor-widget elementor-widget-auntri_elementor_blog\" data-id=\"8651aa6\" data-element_type=\"widget\" data-e-type=\"widget\" data-widget_type=\"auntri_elementor_blog.default\">\n\t\t\t\t<div class=\"elementor-widget-container\">\n\t\t\t\t\t\n\t\t\t<ul class=\"ova-blog ova-column_3 version_4 \">\n\t\t\t  \t\t\t\t\t  <li class=\"item\">\n\n\t\t\t\t  \t<div class=\"media\">\n\n\t\t\t\t\t  \t\n\t\t\t\t\t  \t<div class=\"box-img\">\n\t\t\t\t\t  \t\t<a href=\"https:\/\/betaparca.com\/index.php\/2023\/11\/13\/lazer-kesim-ankara\/\" rel=\"bookmark\" title=\"TRK Makina, Yeni CNC Teknolojisi ile \u00dcretimde S\u0131n\u0131rlar\u0131 Zorluyor\">\n\t\t\t\t\t\t\t  \t<img decoding=\"async\" src=\"https:\/\/betaparca.com\/wp-content\/uploads\/2023\/11\/1-768x660.png\" alt=\"TRK Makina, Yeni CNC Teknolojisi ile \u00dcretimde S\u0131n\u0131rlar\u0131 Zorluyor\">\n\t\t\t\t\t\t  \t<\/a>\n\t\t\t\t\t  \t<\/div>\t\t  \t\n\t\t\t\t\t  \t\n\t\t\t\t\t  \t\n\t\t\t\t  \t<\/div>\n\n\t\t\t\t  \t<div class=\"content\">\n\t\t\t\t\t\t\t\n\t\t\t\t\t  \t<ul class=\"post-meta\">\n\t\t\t\t\t\t\t\n\t\t\t\t\t\t\t\t\n\t\t\t\t\t\t\t\t\t\t\t\t\t\t\t\t\t\t<li class=\"post-date\">\n\t\t\t\t\t\t\t\t\t\t\t<span class=\"date-j\">13<\/span>\n\t\t\t\t\t\t\t\t\t\t\t<span class=\"date-f\">Kas<\/span>\n\t\t\t\t\t\t\t\t\t\t<\/li>\n\t\t\t\t\t\t\t\t\n\t\t\t\t\t\t\t\t\n\t\t\t\t\t\t\t  \t\t\n\t\t\t\t\t\t\t  \t\n\t\t\t\t\t  \t<\/ul>\n\t\t\t\t\t  \n\t\t\t\t\t\t  \t\t\t\t\t\t\t  <h2 class=\"post-title\">\n\t\t\t\t\t\t\t\t  <a href=\"https:\/\/betaparca.com\/index.php\/2023\/11\/13\/lazer-kesim-ankara\/\" rel=\"bookmark\" title=\"TRK Makina, Yeni CNC Teknolojisi ile \u00dcretimde S\u0131n\u0131rlar\u0131 Zorluyor\">\n\t\t\t\t\t\t\t\t\tTRK Makina, Yeni CNC Teknolojisi ile \u00dcretimde S\u0131n\u0131rlar\u0131 Zorluyor\t\t\t\t\t\t\t\t  <\/a>\n\t\t\t\t\t\t\t  <\/h2>\n\t\t\t\t\t\t  \n\t\t\t\t\t\t  \n\t\t\t\t\t\t  \t\n\n\t\t\t\t\t\t   \t\t\t\t\t\t\t   \t\t<a class=\"icon\" href=\"https:\/\/betaparca.com\/index.php\/2023\/11\/13\/lazer-kesim-ankara\/\">\n\t\t\t\t\t\t   \t\t\t<i aria-hidden=\"true\" class=\"flaticon flaticon-right-arrow\"><\/i>\t\t\t\t\t\t   \t\t<\/a>\n\t\t\t\t\t\t   \t\t\n\t\t\t\t\t\t   \t \t\t\t\t\t  <\/div>\n\t\t\t\t\t  \n\t\t\t\t  <\/li>\t\n\t\t\t\t\t  \n\t\t\t  \t\t\t\t  <li class=\"item\">\n\n\t\t\t\t  \t<div class=\"media\">\n\n\t\t\t\t\t  \t\n\t\t\t\t\t  \t<div class=\"box-img\">\n\t\t\t\t\t  \t\t<a href=\"https:\/\/betaparca.com\/index.php\/2023\/11\/13\/lazer-kesimde-son-teknoloji\/\" rel=\"bookmark\" title=\"Savunma Sanayi \u0130\u015f Birli\u011fi: TRK Makina\u2019dan Kritik Par\u00e7a Tedariki\">\n\t\t\t\t\t\t\t  \t<img decoding=\"async\" src=\"https:\/\/betaparca.com\/wp-content\/uploads\/2023\/11\/3-768x660.png\" alt=\"Savunma Sanayi \u0130\u015f Birli\u011fi: TRK Makina\u2019dan Kritik Par\u00e7a Tedariki\">\n\t\t\t\t\t\t  \t<\/a>\n\t\t\t\t\t  \t<\/div>\t\t  \t\n\t\t\t\t\t  \t\n\t\t\t\t\t  \t\n\t\t\t\t  \t<\/div>\n\n\t\t\t\t  \t<div class=\"content\">\n\t\t\t\t\t\t\t\n\t\t\t\t\t  \t<ul class=\"post-meta\">\n\t\t\t\t\t\t\t\n\t\t\t\t\t\t\t\t\n\t\t\t\t\t\t\t\t\t\t\t\t\t\t\t\t\t\t<li class=\"post-date\">\n\t\t\t\t\t\t\t\t\t\t\t<span class=\"date-j\">13<\/span>\n\t\t\t\t\t\t\t\t\t\t\t<span class=\"date-f\">Kas<\/span>\n\t\t\t\t\t\t\t\t\t\t<\/li>\n\t\t\t\t\t\t\t\t\n\t\t\t\t\t\t\t\t\n\t\t\t\t\t\t\t  \t\t\n\t\t\t\t\t\t\t  \t\n\t\t\t\t\t  \t<\/ul>\n\t\t\t\t\t  \n\t\t\t\t\t\t  \t\t\t\t\t\t\t  <h2 class=\"post-title\">\n\t\t\t\t\t\t\t\t  <a href=\"https:\/\/betaparca.com\/index.php\/2023\/11\/13\/lazer-kesimde-son-teknoloji\/\" rel=\"bookmark\" title=\"Savunma Sanayi \u0130\u015f Birli\u011fi: TRK Makina\u2019dan Kritik Par\u00e7a Tedariki\">\n\t\t\t\t\t\t\t\t\tSavunma Sanayi \u0130\u015f Birli\u011fi: TRK Makina\u2019dan Kritik Par\u00e7a Tedariki\t\t\t\t\t\t\t\t  <\/a>\n\t\t\t\t\t\t\t  <\/h2>\n\t\t\t\t\t\t  \n\t\t\t\t\t\t  \n\t\t\t\t\t\t  \t\n\n\t\t\t\t\t\t   \t\t\t\t\t\t\t   \t\t<a class=\"icon\" href=\"https:\/\/betaparca.com\/index.php\/2023\/11\/13\/lazer-kesimde-son-teknoloji\/\">\n\t\t\t\t\t\t   \t\t\t<i aria-hidden=\"true\" class=\"flaticon flaticon-right-arrow\"><\/i>\t\t\t\t\t\t   \t\t<\/a>\n\t\t\t\t\t\t   \t\t\n\t\t\t\t\t\t   \t \t\t\t\t\t  <\/div>\n\t\t\t\t\t  \n\t\t\t\t  <\/li>\t\n\t\t\t\t\t  \n\t\t\t  \t\t\t\t  <li class=\"item\">\n\n\t\t\t\t  \t<div class=\"media\">\n\n\t\t\t\t\t  \t\n\t\t\t\t\t  \t<div class=\"box-img\">\n\t\t\t\t\t  \t\t<a href=\"https:\/\/betaparca.com\/index.php\/2023\/11\/13\/as-lazer-makina-celik-imalatta-teknolojik-cozumler\/\" rel=\"bookmark\" title=\"TRK Makina, Y\u00fcksek Hassasiyetli Par\u00e7alar ile Savunma Projelerine Katk\u0131 Sa\u011fl\u0131yor\">\n\t\t\t\t\t\t\t  \t<img decoding=\"async\" src=\"https:\/\/betaparca.com\/wp-content\/uploads\/2023\/11\/2-768x660.png\" alt=\"TRK Makina, Y\u00fcksek Hassasiyetli Par\u00e7alar ile Savunma Projelerine Katk\u0131 Sa\u011fl\u0131yor\">\n\t\t\t\t\t\t  \t<\/a>\n\t\t\t\t\t  \t<\/div>\t\t  \t\n\t\t\t\t\t  \t\n\t\t\t\t\t  \t\n\t\t\t\t  \t<\/div>\n\n\t\t\t\t  \t<div class=\"content\">\n\t\t\t\t\t\t\t\n\t\t\t\t\t  \t<ul class=\"post-meta\">\n\t\t\t\t\t\t\t\n\t\t\t\t\t\t\t\t\n\t\t\t\t\t\t\t\t\t\t\t\t\t\t\t\t\t\t<li class=\"post-date\">\n\t\t\t\t\t\t\t\t\t\t\t<span class=\"date-j\">13<\/span>\n\t\t\t\t\t\t\t\t\t\t\t<span class=\"date-f\">Kas<\/span>\n\t\t\t\t\t\t\t\t\t\t<\/li>\n\t\t\t\t\t\t\t\t\n\t\t\t\t\t\t\t\t\n\t\t\t\t\t\t\t  \t\t\n\t\t\t\t\t\t\t  \t\n\t\t\t\t\t  \t<\/ul>\n\t\t\t\t\t  \n\t\t\t\t\t\t  \t\t\t\t\t\t\t  <h2 class=\"post-title\">\n\t\t\t\t\t\t\t\t  <a href=\"https:\/\/betaparca.com\/index.php\/2023\/11\/13\/as-lazer-makina-celik-imalatta-teknolojik-cozumler\/\" rel=\"bookmark\" title=\"TRK Makina, Y\u00fcksek Hassasiyetli Par\u00e7alar ile Savunma Projelerine Katk\u0131 Sa\u011fl\u0131yor\">\n\t\t\t\t\t\t\t\t\tTRK Makina, Y\u00fcksek Hassasiyetli Par\u00e7alar ile Savunma Projelerine Katk\u0131 Sa\u011fl\u0131yor\t\t\t\t\t\t\t\t  <\/a>\n\t\t\t\t\t\t\t  <\/h2>\n\t\t\t\t\t\t  \n\t\t\t\t\t\t  \n\t\t\t\t\t\t  \t\n\n\t\t\t\t\t\t   \t\t\t\t\t\t\t   \t\t<a class=\"icon\" href=\"https:\/\/betaparca.com\/index.php\/2023\/11\/13\/as-lazer-makina-celik-imalatta-teknolojik-cozumler\/\">\n\t\t\t\t\t\t   \t\t\t<i aria-hidden=\"true\" class=\"flaticon flaticon-right-arrow\"><\/i>\t\t\t\t\t\t   \t\t<\/a>\n\t\t\t\t\t\t   \t\t\n\t\t\t\t\t\t   \t \t\t\t\t\t  <\/div>\n\t\t\t\t\t  \n\t\t\t\t  <\/li>\t\n\t\t\t\t\t  \n\t\t\t  \t\t\t<\/ul>\n\n\t\t\t\t\t\t<\/div>\n\t\t\t\t<\/div>\n\t\t\t\t\t<\/div>\n\t\t<\/div>\n\t\t\t\t\t<\/div>\n\t\t<\/section>\n\t\t\t\t<\/div>\n\t\t","protected":false},"excerpt":{"rendered":"<p>0 Y\u0131ll\u0131k Tecr\u00fcbe TRK MAK\u0130NA TRK MAK\u0130NA TRK Makina T\u00fcrkiye&#8217;nin Savunma Projelerine De\u011fer Kat\u0131yoruz TRK Makina, savunma sanayi ba\u015fta olmak \u00fczere y\u00fcksek hassasiyet gerektiren sekt\u00f6rlere y\u00f6nelik \u00fcretim ve m\u00fchendislik \u00e7\u00f6z\u00fcmleri sunmaktad\u0131r. Modern \u00fcretim altyap\u0131m\u0131z, deneyimli kadromuz ve kalite odakl\u0131 yakla\u015f\u0131m\u0131m\u0131z ile projelerinize g\u00fcvenilir ve s\u00fcrd\u00fcr\u00fclebilir \u00e7\u00f6z\u00fcmler \u00fcretmekteyiz. \u00d6zel Par\u00e7a \u00dcretimi M\u00fc\u015fteri taleplerine ve teknik \u00e7izimlere [&hellip;]<\/p>\n","protected":false},"author":1,"featured_media":0,"parent":0,"menu_order":0,"comment_status":"closed","ping_status":"closed","template":"elementor_header_footer","meta":{"footnotes":""},"class_list":["post-8463","page","type-page","status-publish","hentry"],"_links":{"self":[{"href":"https:\/\/betaparca.com\/index.php\/wp-json\/wp\/v2\/pages\/8463","targetHints":{"allow":["GET"]}}],"collection":[{"href":"https:\/\/betaparca.com\/index.php\/wp-json\/wp\/v2\/pages"}],"about":[{"href":"https:\/\/betaparca.com\/index.php\/wp-json\/wp\/v2\/types\/page"}],"author":[{"embeddable":true,"href":"https:\/\/betaparca.com\/index.php\/wp-json\/wp\/v2\/users\/1"}],"replies":[{"embeddable":true,"href":"https:\/\/betaparca.com\/index.php\/wp-json\/wp\/v2\/comments?post=8463"}],"version-history":[{"count":122,"href":"https:\/\/betaparca.com\/index.php\/wp-json\/wp\/v2\/pages\/8463\/revisions"}],"predecessor-version":[{"id":9026,"href":"https:\/\/betaparca.com\/index.php\/wp-json\/wp\/v2\/pages\/8463\/revisions\/9026"}],"wp:attachment":[{"href":"https:\/\/betaparca.com\/index.php\/wp-json\/wp\/v2\/media?parent=8463"}],"curies":[{"name":"wp","href":"https:\/\/api.w.org\/{rel}","templated":true}]}}